{"id":12,"date":"2019-07-17T16:16:00","date_gmt":"2019-07-17T14:16:00","guid":{"rendered":"http:\/\/guillaumederubrouck.fr\/?page_id=12"},"modified":"2019-07-22T16:35:24","modified_gmt":"2019-07-22T14:35:24","slug":"accueil","status":"publish","type":"page","link":"https:\/\/guillaumederubrouck.fr\/index.php\/accueil\/","title":{"rendered":"Accueil"},"content":{"rendered":"\n<div class=\"wp-block-image\"><figure class=\"aligncenter is-resized\"><img loading=\"lazy\" decoding=\"async\" src=\"http:\/\/guillaumederubrouck.fr\/wp-content\/uploads\/2019\/07\/DSC08414-e1563806026343-768x1024.jpg\" alt=\"\" class=\"wp-image-77\" width=\"239\" height=\"319\" srcset=\"https:\/\/guillaumederubrouck.fr\/wp-content\/uploads\/2019\/07\/DSC08414-e1563806026343-768x1024.jpg 768w, https:\/\/guillaumederubrouck.fr\/wp-content\/uploads\/2019\/07\/DSC08414-e1563806026343-225x300.jpg 225w\" sizes=\"(max-width: 239px) 100vw, 239px\" \/><\/figure><\/div>\n\n\n\n<p>Le mus\u00e9e fait peau neuve ! Une extension est en cours et, permettra \nun r\u00e9am\u00e9nagement dans une sc\u00e9nographie r\u00e9alis\u00e9e par Carol Levy (atelier \nModulo d&rsquo;Esquelbecq). Cette augmentation de surface offrira une \npr\u00e9sentation plus large des collections dont certaines n&rsquo;ont jamais \u00e9t\u00e9 \nexpos\u00e9es.&nbsp;<\/p>\n\n\n\n<p class=\"has-drop-cap\">L&rsquo;inauguration se d\u00e9roulera le 14 juillet 2019 \u00e0 14 h 30 qui sera \naussi le 25\u00e8me anniversaire du jumelage entre Rubrouck et Bulgan (Khovd)\n ainsi que celui de la cr\u00e9ation du g\u00e9ant de Guillaume de Rubrouck. Un \ncort\u00e8ge de 24 autres personnages l&rsquo;accompagneront tout au long de cette \njourn\u00e9e. Sans oublier le Naadam.<\/p>\n","protected":false},"excerpt":{"rendered":"<p>Le mus\u00e9e fait peau neuve ! Une extension est en cours et, permettra un r\u00e9am\u00e9nagement dans une sc\u00e9nographie r\u00e9alis\u00e9e par Carol Levy (atelier Modulo d&rsquo;Esquelbecq). Cette augmentation de surface offrira une pr\u00e9sentation plus large des collections dont certaines n&rsquo;ont jamais \u00e9t\u00e9 expos\u00e9es.&nbsp; L&rsquo;inauguration se d\u00e9roulera le 14 juillet 2019 \u00e0 14 h 30 qui sera [&hellip;]<\/p>\n","protected":false},"author":1,"featured_media":0,"parent":0,"menu_order":0,"comment_status":"closed","ping_status":"closed","template":"","meta":{"footnotes":""},"_links":{"self":[{"href":"https:\/\/guillaumederubrouck.fr\/index.php\/wp-json\/wp\/v2\/pages\/12"}],"collection":[{"href":"https:\/\/guillaumederubrouck.fr\/index.php\/wp-json\/wp\/v2\/pages"}],"about":[{"href":"https:\/\/guillaumederubrouck.fr\/index.php\/wp-json\/wp\/v2\/types\/page"}],"author":[{"embeddable":true,"href":"https:\/\/guillaumederubrouck.fr\/index.php\/wp-json\/wp\/v2\/users\/1"}],"replies":[{"embeddable":true,"href":"https:\/\/guillaumederubrouck.fr\/index.php\/wp-json\/wp\/v2\/comments?post=12"}],"version-history":[{"count":3,"href":"https:\/\/guillaumederubrouck.fr\/index.php\/wp-json\/wp\/v2\/pages\/12\/revisions"}],"predecessor-version":[{"id":79,"href":"https:\/\/guillaumederubrouck.fr\/index.php\/wp-json\/wp\/v2\/pages\/12\/revisions\/79"}],"wp:attachment":[{"href":"https:\/\/guillaumederubrouck.fr\/index.php\/wp-json\/wp\/v2\/media?parent=12"}],"curies":[{"name":"wp","href":"https:\/\/api.w.org\/{rel}","templated":true}]}}