{"id":14,"date":"2019-07-17T15:58:39","date_gmt":"2019-07-17T13:58:39","guid":{"rendered":"http:\/\/guillaumederubrouck.fr\/?page_id=14"},"modified":"2019-07-22T16:41:32","modified_gmt":"2019-07-22T14:41:32","slug":"musee-guillaume-de-rubrouck","status":"publish","type":"page","link":"https:\/\/guillaumederubrouck.fr\/index.php\/musee-guillaume-de-rubrouck\/","title":{"rendered":"Mus\u00e9e Guillaume de Rubrouck"},"content":{"rendered":"\n<p>Le <strong>Mus\u00e9e Guillaume de Rubrouck,<\/strong> inaugur\u00e9 en 1996 par\n le Pr\u00e9sident de la R\u00e9publique de Mongolie en personne, est un relais \nunique dans le temps et dans l\u2019espace, entre la plaine flamande et les \nsteppes de l\u2019Asie Centrale.<\/p>\n\n\n\n<p>Nich\u00e9e au pied d\u2019une superbe \u00e9glise halle, <strong>dans un petit village flamand plein de charme et d\u2019authenticit\u00e9<\/strong>,\n la Maison Guillaume de Rubrouck vous entra\u00eenera jusqu\u2019au c\u0153ur de \nl\u2019immense Empire Mongol sur les traces du Fr\u00e8re Guillaume, Ambassadeur \ndu Roi de France Saint Louis, \u00e9crivain et grand humaniste, auteur d\u2019un \nchef d\u2019\u0153uvre de la litt\u00e9rature de voyage.<\/p>\n\n\n\n<p>N\u00e9 \u00e0 Rubrouck, aujourd\u2019hui jumel\u00e9 avec Bulgan (Mongolie), le religieux franciscain <strong>fr\u00e8re Guillaume<\/strong>  r\u00e9alisa l\u2019exploit de voyager pieds nus jusqu\u2019au c\u0153ur myst\u00e9rieux et  redout\u00e9 de l\u2019empire de Gensis Khan, Karakorum. Il \u00e9crivit \u00e0 son retour,  et bien avant Marco Polo, le plus beau r\u00e9cit de d\u00e9couverte et d\u2019aventure  de l\u2019\u00e9poque.<\/p>\n\n\n\n<p>A travers des tableaux, photos et objets, sa Maison permet de \nd\u00e9couvrir la vie de ce peuple d&rsquo;\u00e9leveurs, encore en majorit\u00e9 nomades. \nVous y d\u00e9couvrirez \u00e9galement les \u00e9tonnantes relations qu\u2019entretient \naujourd\u2019hui le petit village de <strong>Rubrouck<\/strong> avec la r\u00e9publique de <strong>Mongolie<\/strong>. Nous vous entrainerons \u00e0 travers les <strong>steppes d\u2019Asie Centrale<\/strong>, \u00e0 la d\u00e9couverte du peuple mongol, un peuple de cavaliers et d\u2019<strong>\u00e9leveurs nomades<\/strong>\n qui a su conserver avec fiert\u00e9 un mode de vie, des traditions et une \nculture mill\u00e9naires tout en entrant de plein pied dans la modernit\u00e9.<\/p>\n\n\n\n<ul class=\"wp-block-gallery columns-3 is-cropped wp-block-gallery-1 is-layout-flex wp-block-gallery-is-layout-flex\"><li class=\"blocks-gallery-item\"><figure><img loading=\"lazy\" decoding=\"async\" width=\"1024\" height=\"768\" src=\"http:\/\/guillaumederubrouck.fr\/wp-content\/uploads\/2019\/07\/DSC08415-1024x768.jpg\" alt=\"\" data-id=\"81\" data-link=\"http:\/\/guillaumederubrouck.fr\/index.php\/musee-guillaume-de-rubrouck\/dsc08415\/\" class=\"wp-image-81\" srcset=\"https:\/\/guillaumederubrouck.fr\/wp-content\/uploads\/2019\/07\/DSC08415-1024x768.jpg 1024w, https:\/\/guillaumederubrouck.fr\/wp-content\/uploads\/2019\/07\/DSC08415-300x225.jpg 300w, https:\/\/guillaumederubrouck.fr\/wp-content\/uploads\/2019\/07\/DSC08415-768x576.jpg 768w\" sizes=\"(max-width: 1024px) 100vw, 1024px\" \/><\/figure><\/li><li class=\"blocks-gallery-item\"><figure><img loading=\"lazy\" decoding=\"async\" width=\"1024\" height=\"768\" src=\"http:\/\/guillaumederubrouck.fr\/wp-content\/uploads\/2019\/07\/DSC08417-1024x768.jpg\" alt=\"\" data-id=\"82\" data-link=\"http:\/\/guillaumederubrouck.fr\/index.php\/musee-guillaume-de-rubrouck\/dsc08417\/\" class=\"wp-image-82\" srcset=\"https:\/\/guillaumederubrouck.fr\/wp-content\/uploads\/2019\/07\/DSC08417-1024x768.jpg 1024w, https:\/\/guillaumederubrouck.fr\/wp-content\/uploads\/2019\/07\/DSC08417-300x225.jpg 300w, https:\/\/guillaumederubrouck.fr\/wp-content\/uploads\/2019\/07\/DSC08417-768x576.jpg 768w\" sizes=\"(max-width: 1024px) 100vw, 1024px\" \/><\/figure><\/li><li class=\"blocks-gallery-item\"><figure><img loading=\"lazy\" decoding=\"async\" width=\"1024\" height=\"768\" src=\"http:\/\/guillaumederubrouck.fr\/wp-content\/uploads\/2019\/07\/DSC08421-1024x768.jpg\" alt=\"\" data-id=\"83\" data-link=\"http:\/\/guillaumederubrouck.fr\/index.php\/musee-guillaume-de-rubrouck\/dsc08421\/\" class=\"wp-image-83\" srcset=\"https:\/\/guillaumederubrouck.fr\/wp-content\/uploads\/2019\/07\/DSC08421-1024x768.jpg 1024w, https:\/\/guillaumederubrouck.fr\/wp-content\/uploads\/2019\/07\/DSC08421-300x225.jpg 300w, https:\/\/guillaumederubrouck.fr\/wp-content\/uploads\/2019\/07\/DSC08421-768x576.jpg 768w\" sizes=\"(max-width: 1024px) 100vw, 1024px\" \/><\/figure><\/li><li class=\"blocks-gallery-item\"><figure><img loading=\"lazy\" decoding=\"async\" width=\"1024\" height=\"768\" src=\"http:\/\/guillaumederubrouck.fr\/wp-content\/uploads\/2019\/07\/DSC08426-1024x768.jpg\" alt=\"\" data-id=\"84\" data-link=\"http:\/\/guillaumederubrouck.fr\/index.php\/musee-guillaume-de-rubrouck\/dsc08426\/\" class=\"wp-image-84\" srcset=\"https:\/\/guillaumederubrouck.fr\/wp-content\/uploads\/2019\/07\/DSC08426-1024x768.jpg 1024w, https:\/\/guillaumederubrouck.fr\/wp-content\/uploads\/2019\/07\/DSC08426-300x225.jpg 300w, https:\/\/guillaumederubrouck.fr\/wp-content\/uploads\/2019\/07\/DSC08426-768x576.jpg 768w\" sizes=\"(max-width: 1024px) 100vw, 1024px\" \/><\/figure><\/li><\/ul>\n\n\n\n<p><br><strong><em>D\u2019avril \u00e0 septembre \nvous pourrez visiter \u00e9galement une v\u00e9ritable yourte mongole. \u2028Ne manquez\n pas de d\u00e9couvrir le charmant village de Rubrouck et son \u00e9glise \u00e0 \nretables baroques. <\/em><\/strong><\/p>\n","protected":false},"excerpt":{"rendered":"<p>Le Mus\u00e9e Guillaume de Rubrouck, inaugur\u00e9 en 1996 par le Pr\u00e9sident de la R\u00e9publique de Mongolie en personne, est un relais unique dans le temps et dans l\u2019espace, entre la plaine flamande et les steppes de l\u2019Asie Centrale. Nich\u00e9e au pied d\u2019une superbe \u00e9glise halle, dans un petit village flamand plein de charme et d\u2019authenticit\u00e9, [&hellip;]<\/p>\n","protected":false},"author":1,"featured_media":0,"parent":0,"menu_order":0,"comment_status":"closed","ping_status":"closed","template":"","meta":{"footnotes":""},"_links":{"self":[{"href":"https:\/\/guillaumederubrouck.fr\/index.php\/wp-json\/wp\/v2\/pages\/14"}],"collection":[{"href":"https:\/\/guillaumederubrouck.fr\/index.php\/wp-json\/wp\/v2\/pages"}],"about":[{"href":"https:\/\/guillaumederubrouck.fr\/index.php\/wp-json\/wp\/v2\/types\/page"}],"author":[{"embeddable":true,"href":"https:\/\/guillaumederubrouck.fr\/index.php\/wp-json\/wp\/v2\/users\/1"}],"replies":[{"embeddable":true,"href":"https:\/\/guillaumederubrouck.fr\/index.php\/wp-json\/wp\/v2\/comments?post=14"}],"version-history":[{"count":4,"href":"https:\/\/guillaumederubrouck.fr\/index.php\/wp-json\/wp\/v2\/pages\/14\/revisions"}],"predecessor-version":[{"id":87,"href":"https:\/\/guillaumederubrouck.fr\/index.php\/wp-json\/wp\/v2\/pages\/14\/revisions\/87"}],"wp:attachment":[{"href":"https:\/\/guillaumederubrouck.fr\/index.php\/wp-json\/wp\/v2\/media?parent=14"}],"curies":[{"name":"wp","href":"https:\/\/api.w.org\/{rel}","templated":true}]}}