{"id":19,"date":"2019-07-17T16:02:57","date_gmt":"2019-07-17T14:02:57","guid":{"rendered":"http:\/\/guillaumederubrouck.fr\/?page_id=19"},"modified":"2019-07-22T17:04:03","modified_gmt":"2019-07-22T15:04:03","slug":"nous-contacter","status":"publish","type":"page","link":"https:\/\/guillaumederubrouck.fr\/index.php\/nous-contacter\/","title":{"rendered":"Nous contacter"},"content":{"rendered":"\n<h3 class=\"wp-block-heading\">Par courrier <\/h3>\n\n\n\n<p>Association Guillaume de Rubrouck<br>78, route de Broxeele<br>59285 Rubrouck&nbsp;<\/p>\n\n\n\n<h3 class=\"wp-block-heading\">Par t\u00e9l\u00e9phone<\/h3>\n\n\n\n<p> + 33 (0) 6 84 68 09 81<\/p>\n\n\n\n<p>+ 33 (0)6 40 08 66 07<\/p>\n\n\n\n<h3 class=\"wp-block-heading\">Par messagerie \u00e9lectronique<\/h3>\n\n\n<div role=\"form\" class=\"wpcf7\" id=\"wpcf7-f74-o1\" lang=\"fr-FR\" dir=\"ltr\">\n<div class=\"screen-reader-response\"><p role=\"status\" aria-live=\"polite\" aria-atomic=\"true\"><\/p> <ul><\/ul><\/div>\n<form action=\"\/index.php\/wp-json\/wp\/v2\/pages\/19#wpcf7-f74-o1\" method=\"post\" class=\"wpcf7-form init\" novalidate=\"novalidate\" data-status=\"init\">\n<div style=\"display: none;\">\n<input type=\"hidden\" name=\"_wpcf7\" value=\"74\" \/>\n<input type=\"hidden\" name=\"_wpcf7_version\" value=\"5.3.2\" \/>\n<input type=\"hidden\" name=\"_wpcf7_locale\" value=\"fr_FR\" \/>\n<input type=\"hidden\" name=\"_wpcf7_unit_tag\" value=\"wpcf7-f74-o1\" \/>\n<input type=\"hidden\" name=\"_wpcf7_container_post\" value=\"0\" \/>\n<input type=\"hidden\" name=\"_wpcf7_posted_data_hash\" value=\"\" \/>\n<\/div>\n<p><label> Votre nom (obligatoire)<br \/>\n    <span class=\"wpcf7-form-control-wrap your-name\"><input type=\"text\" name=\"your-name\" value=\"\" size=\"40\" class=\"wpcf7-form-control wpcf7-text wpcf7-validates-as-required\" aria-required=\"true\" aria-invalid=\"false\" \/><\/span> <\/label><\/p>\n<p><label> Votre adresse de messagerie (obligatoire)<br \/>\n    <span class=\"wpcf7-form-control-wrap your-email\"><input type=\"email\" name=\"your-email\" value=\"\" size=\"40\" class=\"wpcf7-form-control wpcf7-text wpcf7-email wpcf7-validates-as-required wpcf7-validates-as-email\" aria-required=\"true\" aria-invalid=\"false\" \/><\/span> <\/label><\/p>\n<p><label> Objet<br \/>\n    <span class=\"wpcf7-form-control-wrap your-subject\"><input type=\"text\" name=\"your-subject\" value=\"\" size=\"40\" class=\"wpcf7-form-control wpcf7-text\" aria-invalid=\"false\" \/><\/span> <\/label><\/p>\n<p><label> Votre message<br \/>\n    <span class=\"wpcf7-form-control-wrap your-message\"><textarea name=\"your-message\" cols=\"40\" rows=\"10\" class=\"wpcf7-form-control wpcf7-textarea\" aria-invalid=\"false\"><\/textarea><\/span> <\/label><\/p>\n<p><p><label for=\"g-recaptcha\">Recaptcha<\/label> <img decoding=\"async\" id=\"captcha\" src=\"https:\/\/guillaumederubrouck.fr\/?cta_securimage=Y&distortion=0.5&signature=&signatureColour=000000&mathOrText=text\" style=\"display: block; margin: 0 auto;\" alt=\"CAPTCHA Image\" \/><span style=\"text-align: center; display: block;\"><a href=\"#\" onclick=\"document.getElementById('captcha').src = 'https:\/\/guillaumederubrouck.fr\/?cta_securimage=Y&distortion=0.5&signature=&mathOrText=text&signatureColour=000000&' + Math.random(); return false\">Change Image<\/a><\/span><input type=\"text\" placeholder=\"Enter Code Above...\" name=\"captcha_code\" size=\"15\" maxlength=\"25\" \/><\/p><input id=\"emailHP-69f1f2ec2fd09\" type=\"text\" class=\"hPot_checker emailHP\" name=\"emailHP\" size=\"25\" value=\"\" placeholder=\"Do not fill in this field\" \/><span class=\"wpcf7-form-control-wrap cta_recaptcha\"><\/span><\/p>\n<p><input type=\"submit\" value=\"Envoyer\" class=\"wpcf7-form-control wpcf7-submit\" \/><\/p>\n<div class=\"wpcf7-response-output\" aria-hidden=\"true\"><\/div><\/form><\/div>\n","protected":false},"excerpt":{"rendered":"<p>Par courrier Association Guillaume de Rubrouck78, route de Broxeele59285 Rubrouck&nbsp; Par t\u00e9l\u00e9phone + 33 (0) 6 84 68 09 81 + 33 (0)6 40 08 66 07 Par messagerie \u00e9lectronique<\/p>\n","protected":false},"author":1,"featured_media":0,"parent":0,"menu_order":0,"comment_status":"closed","ping_status":"closed","template":"","meta":{"footnotes":""},"_links":{"self":[{"href":"https:\/\/guillaumederubrouck.fr\/index.php\/wp-json\/wp\/v2\/pages\/19"}],"collection":[{"href":"https:\/\/guillaumederubrouck.fr\/index.php\/wp-json\/wp\/v2\/pages"}],"about":[{"href":"https:\/\/guillaumederubrouck.fr\/index.php\/wp-json\/wp\/v2\/types\/page"}],"author":[{"embeddable":true,"href":"https:\/\/guillaumederubrouck.fr\/index.php\/wp-json\/wp\/v2\/users\/1"}],"replies":[{"embeddable":true,"href":"https:\/\/guillaumederubrouck.fr\/index.php\/wp-json\/wp\/v2\/comments?post=19"}],"version-history":[{"count":3,"href":"https:\/\/guillaumederubrouck.fr\/index.php\/wp-json\/wp\/v2\/pages\/19\/revisions"}],"predecessor-version":[{"id":100,"href":"https:\/\/guillaumederubrouck.fr\/index.php\/wp-json\/wp\/v2\/pages\/19\/revisions\/100"}],"wp:attachment":[{"href":"https:\/\/guillaumederubrouck.fr\/index.php\/wp-json\/wp\/v2\/media?parent=19"}],"curies":[{"name":"wp","href":"https:\/\/api.w.org\/{rel}","templated":true}]}}