{"id":21,"date":"2019-07-17T16:04:01","date_gmt":"2019-07-17T14:04:01","guid":{"rendered":"http:\/\/guillaumederubrouck.fr\/?page_id=21"},"modified":"2019-07-17T16:04:01","modified_gmt":"2019-07-17T14:04:01","slug":"venir-a-rubrouck","status":"publish","type":"page","link":"https:\/\/guillaumederubrouck.fr\/index.php\/venir-a-rubrouck\/","title":{"rendered":"Venir \u00e0 Rubrouck"},"content":{"rendered":"\n<h3 class=\"wp-block-heading\">Pour venir \u00e0 Rubrouck,<\/h3>\n\n\n\n<h3 class=\"wp-block-heading\"><a href=\"https:\/\/www.google.fr\/maps\/place\/Rubrouck\/@50.7992359,2.378919,12z\/data=!4m2!3m1!1s0x47dcf0b7311f08d9:0x4f1d2e7d16e0f927?hl=fr\" target=\"_blank\" rel=\"noreferrer noopener\">&nbsp;Cliquer ici pour acc\u00e9der \u00e0 Google Maps<\/a><\/h3>\n\n\n\n<p><strong>Par la route<\/strong><\/p>\n\n\n\n<p>(Depuis Paris, prendre l&rsquo;autoroute A1 direction Lille &#8211; Dunkerque, \u00e0 \nLille suivre la direction Dunkerque puis Sortie 12 par Fl\u00eatre, Caestre, \nSaint-Sylvestre-Cappel, Cassel, Arn\u00e8ke&#8230; et Rubrouck)<\/p>\n\n\n\n<p><strong>gps<\/strong> : N 50\u00b0 50.346&prime;, E 2\u00b021.318&prime;<\/p>\n","protected":false},"excerpt":{"rendered":"<p>Pour venir \u00e0 Rubrouck, &nbsp;Cliquer ici pour acc\u00e9der \u00e0 Google Maps Par la route (Depuis Paris, prendre l&rsquo;autoroute A1 direction Lille &#8211; Dunkerque, \u00e0 Lille suivre la direction Dunkerque puis Sortie 12 par Fl\u00eatre, Caestre, Saint-Sylvestre-Cappel, Cassel, Arn\u00e8ke&#8230; et Rubrouck) gps : N 50\u00b0 50.346&prime;, E 2\u00b021.318&prime;<\/p>\n","protected":false},"author":1,"featured_media":0,"parent":0,"menu_order":0,"comment_status":"closed","ping_status":"closed","template":"","meta":{"footnotes":""},"_links":{"self":[{"href":"https:\/\/guillaumederubrouck.fr\/index.php\/wp-json\/wp\/v2\/pages\/21"}],"collection":[{"href":"https:\/\/guillaumederubrouck.fr\/index.php\/wp-json\/wp\/v2\/pages"}],"about":[{"href":"https:\/\/guillaumederubrouck.fr\/index.php\/wp-json\/wp\/v2\/types\/page"}],"author":[{"embeddable":true,"href":"https:\/\/guillaumederubrouck.fr\/index.php\/wp-json\/wp\/v2\/users\/1"}],"replies":[{"embeddable":true,"href":"https:\/\/guillaumederubrouck.fr\/index.php\/wp-json\/wp\/v2\/comments?post=21"}],"version-history":[{"count":1,"href":"https:\/\/guillaumederubrouck.fr\/index.php\/wp-json\/wp\/v2\/pages\/21\/revisions"}],"predecessor-version":[{"id":22,"href":"https:\/\/guillaumederubrouck.fr\/index.php\/wp-json\/wp\/v2\/pages\/21\/revisions\/22"}],"wp:attachment":[{"href":"https:\/\/guillaumederubrouck.fr\/index.php\/wp-json\/wp\/v2\/media?parent=21"}],"curies":[{"name":"wp","href":"https:\/\/api.w.org\/{rel}","templated":true}]}}