{"id":23,"date":"2019-07-17T16:04:25","date_gmt":"2019-07-17T14:04:25","guid":{"rendered":"http:\/\/guillaumederubrouck.fr\/?page_id=23"},"modified":"2019-07-17T16:04:25","modified_gmt":"2019-07-17T14:04:25","slug":"objet-de-lassociation","status":"publish","type":"page","link":"https:\/\/guillaumederubrouck.fr\/index.php\/objet-de-lassociation\/","title":{"rendered":"Objet de l&rsquo;association"},"content":{"rendered":"\n<p><strong>L&rsquo; Association Guillaume de Rubrouck<\/strong> est une association de type loi 1901 cr\u00e9\u00e9e en 1994. <\/p>\n\n\n\n<p><strong> Cette association a pour objet de : <\/strong><\/p>\n\n\n\n<ul><li>Faire d\u00e9couvrir la vie et l&rsquo;\u0153uvre de Guillaume de Rubrouck, le Mus\u00e9e consacr\u00e9 au fr\u00e8re franciscain.<\/li><li>Promouvoir les relations, les \u00e9changes culturels et d&rsquo;amiti\u00e9s entre la Mongolie et la France.<\/li><li>Agir dans le domaine de la solidarit\u00e9 internationale et de l&rsquo;aide au d\u00e9veloppement.<\/li><li>Faire vivre le jumelage entre Rubrouck et Bulgan (Khovd A\u00efmag, Mongolie).<\/li><\/ul>\n","protected":false},"excerpt":{"rendered":"<p>L&rsquo; Association Guillaume de Rubrouck est une association de type loi 1901 cr\u00e9\u00e9e en 1994. Cette association a pour objet de : Faire d\u00e9couvrir la vie et l&rsquo;\u0153uvre de Guillaume de Rubrouck, le Mus\u00e9e consacr\u00e9 au fr\u00e8re franciscain. Promouvoir les relations, les \u00e9changes culturels et d&rsquo;amiti\u00e9s entre la Mongolie et la France. Agir dans le [&hellip;]<\/p>\n","protected":false},"author":1,"featured_media":0,"parent":0,"menu_order":0,"comment_status":"closed","ping_status":"closed","template":"","meta":{"footnotes":""},"_links":{"self":[{"href":"https:\/\/guillaumederubrouck.fr\/index.php\/wp-json\/wp\/v2\/pages\/23"}],"collection":[{"href":"https:\/\/guillaumederubrouck.fr\/index.php\/wp-json\/wp\/v2\/pages"}],"about":[{"href":"https:\/\/guillaumederubrouck.fr\/index.php\/wp-json\/wp\/v2\/types\/page"}],"author":[{"embeddable":true,"href":"https:\/\/guillaumederubrouck.fr\/index.php\/wp-json\/wp\/v2\/users\/1"}],"replies":[{"embeddable":true,"href":"https:\/\/guillaumederubrouck.fr\/index.php\/wp-json\/wp\/v2\/comments?post=23"}],"version-history":[{"count":1,"href":"https:\/\/guillaumederubrouck.fr\/index.php\/wp-json\/wp\/v2\/pages\/23\/revisions"}],"predecessor-version":[{"id":24,"href":"https:\/\/guillaumederubrouck.fr\/index.php\/wp-json\/wp\/v2\/pages\/23\/revisions\/24"}],"wp:attachment":[{"href":"https:\/\/guillaumederubrouck.fr\/index.php\/wp-json\/wp\/v2\/media?parent=23"}],"curies":[{"name":"wp","href":"https:\/\/api.w.org\/{rel}","templated":true}]}}