{"id":46,"date":"2019-07-17T16:27:34","date_gmt":"2019-07-17T14:27:34","guid":{"rendered":"http:\/\/guillaumederubrouck.fr\/?page_id=46"},"modified":"2019-09-04T09:23:01","modified_gmt":"2019-09-04T07:23:01","slug":"informations-pratiques","status":"publish","type":"page","link":"https:\/\/guillaumederubrouck.fr\/index.php\/informations-pratiques\/","title":{"rendered":"Informations"},"content":{"rendered":"\n<p><strong>Horaires <\/strong>:<\/p>\n\n\n\n<p>Ouverture du 1er avril au 30 septembre, le samedi et dimanche de 14h30 \u00e0 17h30.<\/p>\n\n\n\n<p>Ouvert toute l&rsquo;ann\u00e9e sur r\u00e9servation. <a href=\"http:\/\/guillaumederubrouck.fr\/index.php\/nous-contacter\/\" target=\"_blank\" rel=\"noreferrer noopener\" aria-label=\"Nous contacter (s\u2019ouvre dans un nouvel onglet)\">Nous contacter<\/a><\/p>\n\n\n\n<p><strong>Tarif <\/strong>:<\/p>\n\n\n\n<p>Entr\u00e9e individuelle : 4 \u20ac<\/p>\n\n\n\n<p>Entr\u00e9e groupe (10 pers. mini) : 3 \u20ac \/ personne<\/p>\n\n\n\n<p>Tarif r\u00e9duit (13-18 ans, demandeur d&#8217;emploi, \u00e9tudiant) : 2,50 \u20ac<\/p>\n","protected":false},"excerpt":{"rendered":"<p>Horaires : Ouverture du 1er avril au 30 septembre, le samedi et dimanche de 14h30 \u00e0 17h30. Ouvert toute l&rsquo;ann\u00e9e sur r\u00e9servation. Nous contacter Tarif : Entr\u00e9e individuelle : 4 \u20ac Entr\u00e9e groupe (10 pers. mini) : 3 \u20ac \/ personne Tarif r\u00e9duit (13-18 ans, demandeur d&#8217;emploi, \u00e9tudiant) : 2,50 \u20ac<\/p>\n","protected":false},"author":1,"featured_media":0,"parent":0,"menu_order":0,"comment_status":"closed","ping_status":"closed","template":"","meta":{"footnotes":""},"_links":{"self":[{"href":"https:\/\/guillaumederubrouck.fr\/index.php\/wp-json\/wp\/v2\/pages\/46"}],"collection":[{"href":"https:\/\/guillaumederubrouck.fr\/index.php\/wp-json\/wp\/v2\/pages"}],"about":[{"href":"https:\/\/guillaumederubrouck.fr\/index.php\/wp-json\/wp\/v2\/types\/page"}],"author":[{"embeddable":true,"href":"https:\/\/guillaumederubrouck.fr\/index.php\/wp-json\/wp\/v2\/users\/1"}],"replies":[{"embeddable":true,"href":"https:\/\/guillaumederubrouck.fr\/index.php\/wp-json\/wp\/v2\/comments?post=46"}],"version-history":[{"count":3,"href":"https:\/\/guillaumederubrouck.fr\/index.php\/wp-json\/wp\/v2\/pages\/46\/revisions"}],"predecessor-version":[{"id":108,"href":"https:\/\/guillaumederubrouck.fr\/index.php\/wp-json\/wp\/v2\/pages\/46\/revisions\/108"}],"wp:attachment":[{"href":"https:\/\/guillaumederubrouck.fr\/index.php\/wp-json\/wp\/v2\/media?parent=46"}],"curies":[{"name":"wp","href":"https:\/\/api.w.org\/{rel}","templated":true}]}}